{"id":4558,"date":"2025-04-11T17:39:08","date_gmt":"2025-04-11T17:39:08","guid":{"rendered":"https:\/\/somedical.hastastudio.com\/?post_type=product&#038;p=4558"},"modified":"2025-06-06T14:37:03","modified_gmt":"2025-06-06T14:37:03","slug":"skup-zboza","status":"publish","type":"product","link":"https:\/\/somedical.hastastudio.com\/ru\/produkty\/skup-zboza\/","title":{"rendered":"Skup zbo\u017ca"},"content":{"rendered":"<p><b>Przetrwanie w ekstremalnych warunkach \u2013 bezpiecze\u0144stwo w zamkni\u0119tych przestrzeniach!<\/b><\/p>\n<p><b>Czym jest szkolenie CONFINED SPACE RESCUE?<\/b><span style=\"font-weight: 400;\"><br \/>\n<\/span><span style=\"font-weight: 400;\">To innowacyjny program, kt\u00f3ry przygotowuje uczestnik\u00f3w do pracy i ratownictwa w przestrzeniach zamkni\u0119tych, gdzie zagro\u017cenia s\u0105 najwi\u0119ksze: brak tlenu, toksyczne gazy, ograniczona mobilno\u015b\u0107 i ryzyko nag\u0142ych sytuacji awaryjnych. Szkolenie \u0142\u0105czy teori\u0119 z intensywnymi \u0107wiczeniami praktycznymi, wykorzystuj\u0105c realistyczne scenariusze i nowoczesne technologie ratownicze.<\/span><\/p>\n<p><b>Dla kogo?<\/b><span style=\"font-weight: 400;\"><br \/>\n<\/span><span style=\"font-weight: 400;\">\u2705 Pracownicy przemys\u0142owi i technicy serwisowi<\/span><span style=\"font-weight: 400;\"><br \/>\n<\/span><span style=\"font-weight: 400;\">\u2705 Specjali\u015bci ds. BHP i s\u0142u\u017cby ratownicze<\/span><span style=\"font-weight: 400;\"><br \/>\n<\/span><span style=\"font-weight: 400;\">\u2705 Operatorzy turbin wiatrowych i instalacji energetycznych<\/span><span style=\"font-weight: 400;\"><br \/>\n<\/span><span style=\"font-weight: 400;\">\u2705 Osoby pracuj\u0105ce w tunelach, zbiornikach, silosach i innych zamkni\u0119tych przestrzeniach<\/span><\/p>\n<p><span style=\"font-weight: 400;\">\u00a0<\/span><b>Co Ci\u0119 czeka?<\/b><span style=\"font-weight: 400;\"><br \/>\n<\/span><span style=\"font-weight: 400;\">* <\/span><b>Praca w ekstremalnych warunkach<\/b><span style=\"font-weight: 400;\"> \u2013 ograniczona widoczno\u015b\u0107, brak tlenu, ryzyko zatrucia<\/span><span style=\"font-weight: 400;\"><br \/>\n<\/span><span style=\"font-weight: 400;\">* <\/span><b>Zaawansowane techniki ewakuacyjne<\/b><span style=\"font-weight: 400;\"> \u2013 systemy linowe, sprz\u0119t ochrony dr\u00f3g oddechowych, awaryjna komunikacja<\/span><span style=\"font-weight: 400;\"><br \/>\n<\/span><span style=\"font-weight: 400;\">* <\/span><b>Realistyczne scenariusze ratunkowe<\/b><span style=\"font-weight: 400;\"> \u2013 sytuacje awaryjne odwzorowane z rzeczywistego \u015brodowiska pracy<\/span><span style=\"font-weight: 400;\"><br \/>\n<\/span><span style=\"font-weight: 400;\">* <\/span><b>Szybka reakcja na zagro\u017cenia<\/b><span style=\"font-weight: 400;\"> \u2013 procedury wypadkowe i podejmowanie decyzji pod presj\u0105<\/span><span style=\"font-weight: 400;\"><br \/>\n<\/span><span style=\"font-weight: 400;\">* <\/span><b>Obs\u0142uga nowoczesnego sprz\u0119tu ratowniczego<\/b><span style=\"font-weight: 400;\"> \u2013 nosze, systemy podtrzymuj\u0105ce \u017cycie, czujniki gazowe<\/span><\/p>\n<p><span style=\"font-weight: 400;\">\u00a0<\/span><b>Bezpiecze\u0144stwo w zamkni\u0119tych przestrzeniach zaczyna si\u0119 od Ciebie \u2013 zdob\u0105d\u017a wiedz\u0119 i umiej\u0119tno\u015bci, kt\u00f3re ratuj\u0105 \u017cycie!<\/b><\/p>\n<p><span style=\"font-weight: 400;\">\u00a0<\/span><b>We\u017a udzia\u0142 w szkoleniu CONFINED SPACE RESCUE i b\u0105d\u017a gotowy na ka\u017cde wyzwanie!<\/b><\/p>\n<p><span style=\"font-weight: 400;\">\u00a0<\/span><b>Zapisz si\u0119 ju\u017c teraz!<\/b><\/p>","protected":false},"excerpt":{"rendered":"<p>Przetrwanie w ekstremalnych warunkach \u2013 bezpiecze\u0144stwo w zamkni\u0119tych przestrzeniach! Czym jest szkolenie CONFINED SPACE RESCUE? To innowacyjny program, kt\u00f3ry przygotowuje [&hellip;]<\/p>","protected":false},"featured_media":4973,"comment_status":"open","ping_status":"closed","template":"","meta":{"_acf_changed":false},"product_brand":[],"product_cat":[33],"product_tag":[45],"class_list":{"0":"post-4558","1":"product","2":"type-product","3":"status-publish","4":"has-post-thumbnail","6":"product_cat-skup","7":"product_tag-inne","9":"first","10":"instock","11":"taxable","12":"shipping-taxable","13":"purchasable","14":"product-type-simple"},"acf":[],"_links":{"self":[{"href":"https:\/\/somedical.hastastudio.com\/ru\/wp-json\/wp\/v2\/product\/4558","targetHints":{"allow":["GET"]}}],"collection":[{"href":"https:\/\/somedical.hastastudio.com\/ru\/wp-json\/wp\/v2\/product"}],"about":[{"href":"https:\/\/somedical.hastastudio.com\/ru\/wp-json\/wp\/v2\/types\/product"}],"replies":[{"embeddable":true,"href":"https:\/\/somedical.hastastudio.com\/ru\/wp-json\/wp\/v2\/comments?post=4558"}],"wp:featuredmedia":[{"embeddable":true,"href":"https:\/\/somedical.hastastudio.com\/ru\/wp-json\/wp\/v2\/media\/4973"}],"wp:attachment":[{"href":"https:\/\/somedical.hastastudio.com\/ru\/wp-json\/wp\/v2\/media?parent=4558"}],"wp:term":[{"taxonomy":"product_brand","embeddable":true,"href":"https:\/\/somedical.hastastudio.com\/ru\/wp-json\/wp\/v2\/product_brand?post=4558"},{"taxonomy":"product_cat","embeddable":true,"href":"https:\/\/somedical.hastastudio.com\/ru\/wp-json\/wp\/v2\/product_cat?post=4558"},{"taxonomy":"product_tag","embeddable":true,"href":"https:\/\/somedical.hastastudio.com\/ru\/wp-json\/wp\/v2\/product_tag?post=4558"}],"curies":[{"name":"wp","href":"https:\/\/api.w.org\/{rel}","templated":true}]}}